{"id":101,"date":"2019-07-26T14:59:06","date_gmt":"2019-07-26T14:59:06","guid":{"rendered":"https:\/\/themes.muffingroup.com\/be\/print3\/?page_id=12"},"modified":"2024-03-12T15:17:41","modified_gmt":"2024-03-12T14:17:41","slug":"about-us","status":"publish","type":"page","link":"http:\/\/grafosped.com\/main\/about-us\/","title":{"rendered":"O nama"},"content":{"rendered":"<p>[vc_row][vc_column][vc_empty_space][vc_single_image image=&#8221;168&#8243; img_size=&#8221;full&#8221; style=&#8221;vc_box_shadow_3d&#8221; css_animation=&#8221;zoomInDown&#8221;][vc_column_text css_animation=&#8221;fadeIn&#8221;]<strong>GRAFO \u0160PED<\/strong> \u00a0je osnovan 1996 godine sa \u0161tamparskom delatnotno\u0161\u0107u, kao osnovnom delatno\u0161\u0107u, ofset, sito i digitalnom \u0161tampom velikih formata. Pored toga radimo kartonske ambala\u017ee, lasersko graviranje i kovertiranje dokumenata.<\/p>\n<ul>\n<li>Ofset \u0161tampa &#8211; Heidelberg<\/li>\n<li>Digitalna \u0161tampa &#8211; Xerox<\/li>\n<li>Veliki formati &#8211; Mimaki<\/li>\n<li>Kovertiranje &#8211; Kern i Pitney bowes<\/li>\n<li>\u0160tampa samolepivih etiketa iz rolne u rolnu na ma\u0161ini GALLUS<\/li>\n<\/ul>\n<p>[\/vc_column_text][\/vc_column][\/vc_row]<\/p>\n","protected":false},"excerpt":{"rendered":"<p>[vc_row][vc_column][vc_empty_space][vc_single_image image=&#8221;168&#8243; img_size=&#8221;full&#8221; style=&#8221;vc_box_shadow_3d&#8221; css_animation=&#8221;zoomInDown&#8221;][vc_column_text css_animation=&#8221;fadeIn&#8221;]GRAFO \u0160PED \u00a0je osnovan 1996 godine sa \u0161tamparskom delatnotno\u0161\u0107u, kao osnovnom delatno\u0161\u0107u, ofset, sito i digitalnom \u0161tampom velikih formata. Pored toga<span class=\"excerpt-hellip\"> [\u2026]<\/span><\/p>\n","protected":false},"author":1,"featured_media":0,"parent":0,"menu_order":0,"comment_status":"closed","ping_status":"closed","template":"","meta":{"footnotes":""},"class_list":["post-101","page","type-page","status-publish","hentry"],"_links":{"self":[{"href":"http:\/\/grafosped.com\/main\/wp-json\/wp\/v2\/pages\/101","targetHints":{"allow":["GET"]}}],"collection":[{"href":"http:\/\/grafosped.com\/main\/wp-json\/wp\/v2\/pages"}],"about":[{"href":"http:\/\/grafosped.com\/main\/wp-json\/wp\/v2\/types\/page"}],"author":[{"embeddable":true,"href":"http:\/\/grafosped.com\/main\/wp-json\/wp\/v2\/users\/1"}],"replies":[{"embeddable":true,"href":"http:\/\/grafosped.com\/main\/wp-json\/wp\/v2\/comments?post=101"}],"version-history":[{"count":11,"href":"http:\/\/grafosped.com\/main\/wp-json\/wp\/v2\/pages\/101\/revisions"}],"predecessor-version":[{"id":317,"href":"http:\/\/grafosped.com\/main\/wp-json\/wp\/v2\/pages\/101\/revisions\/317"}],"wp:attachment":[{"href":"http:\/\/grafosped.com\/main\/wp-json\/wp\/v2\/media?parent=101"}],"curies":[{"name":"wp","href":"https:\/\/api.w.org\/{rel}","templated":true}]}}