{"id":122,"date":"2021-06-01T10:34:45","date_gmt":"2021-06-01T08:34:45","guid":{"rendered":"http:\/\/grafosped.com\/main\/?page_id=122"},"modified":"2021-06-09T22:23:46","modified_gmt":"2021-06-09T20:23:46","slug":"ofset-stampa","status":"publish","type":"page","link":"http:\/\/grafosped.com\/main\/ofset-stampa\/","title":{"rendered":"Ofset \u0161tampa"},"content":{"rendered":"<p>[vc_row][vc_column][vc_column_text css_animation=&#8221;fadeInDownBig&#8221;]<\/p>\n<h3 style=\"text-align: center;\">Vi\u0161e od 85% \u0161tampanih proizvoda \u0161irom planete otiskuje se u tehnologiji ofset \u0161tampe.<\/h3>\n<p>[\/vc_column_text][vc_separator color=&#8221;orange&#8221;][\/vc_column][\/vc_row][vc_row][vc_column width=&#8221;1\/2&#8243;][vc_column_text css_animation=&#8221;left-to-right&#8221;]<\/p>\n<h4>Najzastupljeniji oblik \u0161tampe u svetu i kod nas je offset \u0161tampa.<\/h4>\n<p>Svoju popularnost ovaj oblik \u0161tampe duguje kvalitetnoj, efikasnoj i brzoj izradi, trajnosti \u0161tampanih proizvoda kao i mogu\u0107nosti izrade velikog tira\u017ea i obima posla. Vizit karte, memorandumi, katalozi, bro\u0161ure, fascikle, fakture, otpremnice, nalepnice, kutije, koverte, kartoline, papirne kese, flajeri, publikacije, knjige, pa i novcanica Evro, \u0161tampa se u ofset tehnologiji.<span class=\"Apple-converted-space\">\u00a0<\/span>[\/vc_column_text][\/vc_column][vc_column width=&#8221;1\/2&#8243;][vc_single_image image=&#8221;218&#8243; img_size=&#8221;full&#8221; style=&#8221;vc_box_shadow_3d&#8221; css_animation=&#8221;right-to-left&#8221;][\/vc_column][\/vc_row]<\/p>\n","protected":false},"excerpt":{"rendered":"<p>[vc_row][vc_column][vc_column_text css_animation=&#8221;fadeInDownBig&#8221;] Vi\u0161e od 85% \u0161tampanih proizvoda \u0161irom planete otiskuje se u tehnologiji ofset \u0161tampe. [\/vc_column_text][vc_separator color=&#8221;orange&#8221;][\/vc_column][\/vc_row][vc_row][vc_column width=&#8221;1\/2&#8243;][vc_column_text css_animation=&#8221;left-to-right&#8221;] Najzastupljeniji oblik \u0161tampe u svetu i kod<span class=\"excerpt-hellip\"> [\u2026]<\/span><\/p>\n","protected":false},"author":1,"featured_media":0,"parent":0,"menu_order":0,"comment_status":"closed","ping_status":"closed","template":"","meta":{"footnotes":""},"class_list":["post-122","page","type-page","status-publish","hentry"],"_links":{"self":[{"href":"http:\/\/grafosped.com\/main\/wp-json\/wp\/v2\/pages\/122","targetHints":{"allow":["GET"]}}],"collection":[{"href":"http:\/\/grafosped.com\/main\/wp-json\/wp\/v2\/pages"}],"about":[{"href":"http:\/\/grafosped.com\/main\/wp-json\/wp\/v2\/types\/page"}],"author":[{"embeddable":true,"href":"http:\/\/grafosped.com\/main\/wp-json\/wp\/v2\/users\/1"}],"replies":[{"embeddable":true,"href":"http:\/\/grafosped.com\/main\/wp-json\/wp\/v2\/comments?post=122"}],"version-history":[{"count":6,"href":"http:\/\/grafosped.com\/main\/wp-json\/wp\/v2\/pages\/122\/revisions"}],"predecessor-version":[{"id":219,"href":"http:\/\/grafosped.com\/main\/wp-json\/wp\/v2\/pages\/122\/revisions\/219"}],"wp:attachment":[{"href":"http:\/\/grafosped.com\/main\/wp-json\/wp\/v2\/media?parent=122"}],"curies":[{"name":"wp","href":"https:\/\/api.w.org\/{rel}","templated":true}]}}