{"id":127,"date":"2021-06-01T10:35:56","date_gmt":"2021-06-01T08:35:56","guid":{"rendered":"http:\/\/grafosped.com\/main\/?page_id=127"},"modified":"2021-06-08T10:56:25","modified_gmt":"2021-06-08T08:56:25","slug":"veliki-formati","status":"publish","type":"page","link":"http:\/\/grafosped.com\/main\/veliki-formati\/","title":{"rendered":"Veliki formati"},"content":{"rendered":"<p>[vc_row][vc_column][vc_column_text css_animation=&#8221;top-to-bottom&#8221;]<\/p>\n<h3 style=\"text-align: center;\">\u0160tampa velikih formata na svim materijalima i izrada svih vrsta svetle\u0107ih reklama.<\/h3>\n<p>[\/vc_column_text][vc_single_image image=&#8221;176&#8243; img_size=&#8221;full&#8221; alignment=&#8221;center&#8221; style=&#8221;vc_box_shadow_3d&#8221; css_animation=&#8221;top-to-bottom&#8221;][vc_separator color=&#8221;orange&#8221;][vc_row_inner][vc_column_inner width=&#8221;1\/2&#8243;][vc_column_text css_animation=&#8221;left-to-right&#8221;]<\/p>\n<h4>Brendiranje lokala, izloga<span class=\"Apple-converted-space\">\u00a0i vozila<\/span><\/h4>\n<p>[\/vc_column_text][vc_column_text css_animation=&#8221;left-to-right&#8221;]<strong>Brendiranje lokala<\/strong> i brendiranje izloga tehnikom digitalne \u0161tampe u velikoj meri zavise od objekta (povr\u0161ine) koju \u017eelite vizuelno da istaknete. lzradom idejnog re\u0161enja digitalna \u0161tampa velikog formata se radi na razli\u010ditim materijalima kao \u0161to su samolepljive nalepnice, baneri, mesh platno, perforirana folija, peskirna folija&#8230;.<\/p>\n<p>Posedujemo Mimaki JV33-160, sa brzim i extra finim ispisom.<\/p>\n<p><strong>Primena ove vrste \u0161tampe:<\/strong> lepi se na staklo, foreks, klirit ili svaku odma\u0161\u0107enu povr\u0161inu bez pra\u0161ine. Perforirana folija (one way vision) je samolepljiva folija sa rupi\u010dastom strukturom. Ova vrsta folija se koristi ukoliko je u prostorijama<span class=\"Apple-converted-space\">\u00a0 <\/span>potrebna dnevna svetlost. \u0160tampana povr\u0161ina pokriva staklenu povr\u0161inu i privla\u010di paznju klijenata dok se kroz poledjinu jasno vidi spolja\u0161njost uz efekat toniranog stakla.<\/p>\n<p>Baner ili ciradno platno mo\u017ee se izraditi u tehnici digitalne \u0161tampe sa zavr\u0161enom obradom varenjem i oja\u010davanjem ivica platna i postavljanjem metal ringa.[\/vc_column_text][\/vc_column_inner][vc_column_inner width=&#8221;1\/2&#8243;][vc_single_image image=&#8221;181&#8243; img_size=&#8221;full&#8221; style=&#8221;vc_box_shadow_3d&#8221; css_animation=&#8221;right-to-left&#8221;][vc_separator color=&#8221;orange&#8221;][vc_single_image image=&#8221;182&#8243; img_size=&#8221;full&#8221; style=&#8221;vc_box_shadow_3d&#8221; css_animation=&#8221;right-to-left&#8221;][\/vc_column_inner][\/vc_row_inner][\/vc_column][\/vc_row]<\/p>\n","protected":false},"excerpt":{"rendered":"<p>[vc_row][vc_column][vc_column_text css_animation=&#8221;top-to-bottom&#8221;] \u0160tampa velikih formata na svim materijalima i izrada svih vrsta svetle\u0107ih reklama. [\/vc_column_text][vc_single_image image=&#8221;176&#8243; img_size=&#8221;full&#8221; alignment=&#8221;center&#8221; style=&#8221;vc_box_shadow_3d&#8221; css_animation=&#8221;top-to-bottom&#8221;][vc_separator color=&#8221;orange&#8221;][vc_row_inner][vc_column_inner width=&#8221;1\/2&#8243;][vc_column_text css_animation=&#8221;left-to-right&#8221;] Brendiranje lokala, izloga\u00a0i<span class=\"excerpt-hellip\"> [\u2026]<\/span><\/p>\n","protected":false},"author":1,"featured_media":0,"parent":0,"menu_order":0,"comment_status":"closed","ping_status":"closed","template":"","meta":{"footnotes":""},"class_list":["post-127","page","type-page","status-publish","hentry"],"_links":{"self":[{"href":"http:\/\/grafosped.com\/main\/wp-json\/wp\/v2\/pages\/127","targetHints":{"allow":["GET"]}}],"collection":[{"href":"http:\/\/grafosped.com\/main\/wp-json\/wp\/v2\/pages"}],"about":[{"href":"http:\/\/grafosped.com\/main\/wp-json\/wp\/v2\/types\/page"}],"author":[{"embeddable":true,"href":"http:\/\/grafosped.com\/main\/wp-json\/wp\/v2\/users\/1"}],"replies":[{"embeddable":true,"href":"http:\/\/grafosped.com\/main\/wp-json\/wp\/v2\/comments?post=127"}],"version-history":[{"count":10,"href":"http:\/\/grafosped.com\/main\/wp-json\/wp\/v2\/pages\/127\/revisions"}],"predecessor-version":[{"id":205,"href":"http:\/\/grafosped.com\/main\/wp-json\/wp\/v2\/pages\/127\/revisions\/205"}],"wp:attachment":[{"href":"http:\/\/grafosped.com\/main\/wp-json\/wp\/v2\/media?parent=127"}],"curies":[{"name":"wp","href":"https:\/\/api.w.org\/{rel}","templated":true}]}}