{"id":129,"date":"2021-06-01T10:36:26","date_gmt":"2021-06-01T08:36:26","guid":{"rendered":"http:\/\/grafosped.com\/main\/?page_id=129"},"modified":"2021-06-18T10:21:28","modified_gmt":"2021-06-18T08:21:28","slug":"kovertiranje-dokumenata","status":"publish","type":"page","link":"http:\/\/grafosped.com\/main\/kovertiranje-dokumenata\/","title":{"rendered":"Kovertiranje dokumenata"},"content":{"rendered":"<p>[vc_row][vc_column][vc_empty_space][vc_column_text css_animation=&#8221;left-to-right&#8221;]<\/p>\n<h3 style=\"text-align: center;\">Personalizovana \u0161tampa i kovertiranje dokumenata<\/h3>\n<p>[\/vc_column_text][vc_single_image image=&#8221;231&#8243; img_size=&#8221;full&#8221; alignment=&#8221;center&#8221; style=&#8221;vc_box_shadow_3d&#8221; css_animation=&#8221;appear&#8221;][vc_separator color=&#8221;orange&#8221; css_animation=&#8221;fadeIn&#8221;][\/vc_column][\/vc_row][vc_row][vc_column width=&#8221;1\/2&#8243;][vc_column_text css_animation=&#8221;right-to-left&#8221;]\u2022 Prijem i obradu podataka i generisanje aplikacije,<span class=\"Apple-converted-space\"><br \/>\n<\/span>\u2022 OCR papir, sa pred\u0161tampom u jednoj ili vi\u0161e boja,<br \/>\n\u2022 Koverat, sa \u0161tampom \u0438 \u0458\u0435dn\u043e\u0458 ili vi\u0161e boja,<br \/>\n\u2022 Personalizovana \u0161tampa i insertovanje dokumenta,<br \/>\n\u2022 Horizontalnu i vertikalnu perforaciju<br \/>\n\u2022 Ma\u0161insko insertovanje i kovertiranje dokumenta<br \/>\n\u2022 Otpremu do po\u0161te\/distributera[\/vc_column_text][\/vc_column][vc_column width=&#8221;1\/2&#8243;][vc_single_image image=&#8221;152&#8243; img_size=&#8221;455&#215;227&#8243; css_animation=&#8221;right-to-left&#8221;][\/vc_column][\/vc_row][vc_row][vc_column width=&#8221;1\/2&#8243;][vc_separator color=&#8221;orange&#8221; css_animation=&#8221;fadeIn&#8221;][vc_column_text css_animation=&#8221;top-to-bottom&#8221;]<\/p>\n<h4>\u0160tampa ra\u010duna, izvoda i drugih dokumenata sa varijabilnim podacim\u0430<span class=\"Apple-converted-space\">\u00a0<\/span><\/h4>\n<p>[\/vc_column_text][vc_column_text css_animation=&#8221;fadeIn&#8221;]Digitalna \u0161tampa na Xerox-u omogu\u0107ava personalizaciju dokumenta \u010dime se kroz razvoj softverskih re\u0161enja sprovodi masovna \u0161tampa varijabilnih dokumenata u koje spadaju ra\u010duni, izovodi, opomene, direktna po\u0161ta&#8230; Mnoge firme se susre\u0107u sa situacijama kada je neophodno za kratko vreme i u definisanim rokovima poslati na adrese velikog broja klijenata razli\u010dita dokumenta. Zato su personalizovanu &#8211; varijabilnu \u0161tampu i kovertiranje dokumenata telekomunikacione kompanije, banke, lizing ku\u0107e, osiguravaju\u0107a dru\u0161tva, penzioni fondovi, komunalna preduze\u0107a prepustili kompanijama specializovanim za tu vrstu \u0161tampe.<span class=\"Apple-converted-space\">\u00a0<\/span>[\/vc_column_text][\/vc_column][vc_column width=&#8221;1\/2&#8243;][vc_separator color=&#8221;orange&#8221; css_animation=&#8221;fadeIn&#8221;][vc_column_text css_animation=&#8221;fadeIn&#8221;]<\/p>\n<h4>Brzina pakovanja:<span class=\"Apple-converted-space\">\u00a0<\/span><\/h4>\n<p>[\/vc_column_text][vc_column_text css_animation=&#8221;fadeInRight&#8221;]1 ra\u010dun \u2014 8 000\/\u010das 1 ra\u010dun + 1 flajer \u2014 5 000\/\u010das (savijanje dokumenta uklju\u010deno)<\/p>\n<p>Dnevni kapacitet: 50 000 dokumenata<br \/>\nMese\u010dni kapacitet pakovanja: 1 000 000 dokumenata<\/p>\n<p>U sastav ove ponude mogu se integrisati i usluge \u0161tampe koverata i obrazaca, insertovanje dodatnog reklamnog materijala kao i personalizacija po\u0161iljaka.[\/vc_column_text][\/vc_column][\/vc_row]<\/p>\n","protected":false},"excerpt":{"rendered":"<p>[vc_row][vc_column][vc_empty_space][vc_column_text css_animation=&#8221;left-to-right&#8221;] Personalizovana \u0161tampa i kovertiranje dokumenata [\/vc_column_text][vc_single_image image=&#8221;231&#8243; img_size=&#8221;full&#8221; alignment=&#8221;center&#8221; style=&#8221;vc_box_shadow_3d&#8221; css_animation=&#8221;appear&#8221;][vc_separator color=&#8221;orange&#8221; css_animation=&#8221;fadeIn&#8221;][\/vc_column][\/vc_row][vc_row][vc_column width=&#8221;1\/2&#8243;][vc_column_text css_animation=&#8221;right-to-left&#8221;]\u2022 Prijem i obradu podataka i generisanje aplikacije, \u2022 OCR<span class=\"excerpt-hellip\"> [\u2026]<\/span><\/p>\n","protected":false},"author":1,"featured_media":0,"parent":0,"menu_order":0,"comment_status":"closed","ping_status":"closed","template":"","meta":{"footnotes":""},"class_list":["post-129","page","type-page","status-publish","hentry"],"_links":{"self":[{"href":"http:\/\/grafosped.com\/main\/wp-json\/wp\/v2\/pages\/129","targetHints":{"allow":["GET"]}}],"collection":[{"href":"http:\/\/grafosped.com\/main\/wp-json\/wp\/v2\/pages"}],"about":[{"href":"http:\/\/grafosped.com\/main\/wp-json\/wp\/v2\/types\/page"}],"author":[{"embeddable":true,"href":"http:\/\/grafosped.com\/main\/wp-json\/wp\/v2\/users\/1"}],"replies":[{"embeddable":true,"href":"http:\/\/grafosped.com\/main\/wp-json\/wp\/v2\/comments?post=129"}],"version-history":[{"count":16,"href":"http:\/\/grafosped.com\/main\/wp-json\/wp\/v2\/pages\/129\/revisions"}],"predecessor-version":[{"id":242,"href":"http:\/\/grafosped.com\/main\/wp-json\/wp\/v2\/pages\/129\/revisions\/242"}],"wp:attachment":[{"href":"http:\/\/grafosped.com\/main\/wp-json\/wp\/v2\/media?parent=129"}],"curies":[{"name":"wp","href":"https:\/\/api.w.org\/{rel}","templated":true}]}}