{"id":220,"date":"2021-06-14T13:23:11","date_gmt":"2021-06-14T11:23:11","guid":{"rendered":"http:\/\/grafosped.com\/main\/?page_id=220"},"modified":"2021-06-18T10:17:54","modified_gmt":"2021-06-18T08:17:54","slug":"lasersko-graviranje","status":"publish","type":"page","link":"http:\/\/grafosped.com\/main\/lasersko-graviranje\/","title":{"rendered":"Lasersko graviranje"},"content":{"rendered":"<p>[vc_row][vc_column][vc_empty_space][vc_single_image image=&#8221;223&#8243; img_size=&#8221;full&#8221; alignment=&#8221;center&#8221; style=&#8221;vc_box_shadow_3d&#8221; css_animation=&#8221;top-to-bottom&#8221;][vc_column_text]<\/p>\n<p style=\"text-align: center;\">Lasersko graviranje je odli\u010dno re\u0161enje za pravljenje proizvoda za\u00a0 industrijsku, komercijalnu ili marketin\u0161ku svrhu. Vrlo precizno se mo\u017ee gravirati laserom na razli\u010ditim materijalima za veoma kratko vreme.<\/p>\n<p>[\/vc_column_text][\/vc_column][\/vc_row][vc_row][vc_column width=&#8221;1\/2&#8243;][vc_separator color=&#8221;orange&#8221;][vc_column_text css_animation=&#8221;left-to-right&#8221;]<\/p>\n<h4>Prednosti\u00a0brendiranja artikala laserskom gravurom<\/h4>\n<p>Gravuru je nemogu\u0107e skinuti niti o\u0161tetiti jer se prilikom gravure skida sloj materijala gde je pro\u0161ao laserski snop. Otisak &#8211; gravura je otporna na hemikalije, UV zra\u010denja i ogrebotine.<\/p>\n<p>Imamo mogu\u0107nost graviranja laserom do najfinijih detalja veli\u010dine 0,01 mm, a minimalna veli\u010dina slova mo\u017ee biti 1x1mm.[\/vc_column_text][\/vc_column][vc_column width=&#8221;1\/2&#8243;][vc_separator color=&#8221;orange&#8221;][vc_single_image image=&#8221;228&#8243; img_size=&#8221;full&#8221; style=&#8221;vc_box_shadow_3d&#8221; css_animation=&#8221;right-to-left&#8221;][\/vc_column][\/vc_row]<\/p>\n","protected":false},"excerpt":{"rendered":"<p>[vc_row][vc_column][vc_empty_space][vc_single_image image=&#8221;223&#8243; img_size=&#8221;full&#8221; alignment=&#8221;center&#8221; style=&#8221;vc_box_shadow_3d&#8221; css_animation=&#8221;top-to-bottom&#8221;][vc_column_text] Lasersko graviranje je odli\u010dno re\u0161enje za pravljenje proizvoda za\u00a0 industrijsku, komercijalnu ili marketin\u0161ku svrhu. Vrlo precizno se mo\u017ee gravirati laserom<span class=\"excerpt-hellip\"> [\u2026]<\/span><\/p>\n","protected":false},"author":1,"featured_media":0,"parent":0,"menu_order":0,"comment_status":"closed","ping_status":"closed","template":"","meta":{"footnotes":""},"class_list":["post-220","page","type-page","status-publish","hentry"],"_links":{"self":[{"href":"http:\/\/grafosped.com\/main\/wp-json\/wp\/v2\/pages\/220","targetHints":{"allow":["GET"]}}],"collection":[{"href":"http:\/\/grafosped.com\/main\/wp-json\/wp\/v2\/pages"}],"about":[{"href":"http:\/\/grafosped.com\/main\/wp-json\/wp\/v2\/types\/page"}],"author":[{"embeddable":true,"href":"http:\/\/grafosped.com\/main\/wp-json\/wp\/v2\/users\/1"}],"replies":[{"embeddable":true,"href":"http:\/\/grafosped.com\/main\/wp-json\/wp\/v2\/comments?post=220"}],"version-history":[{"count":8,"href":"http:\/\/grafosped.com\/main\/wp-json\/wp\/v2\/pages\/220\/revisions"}],"predecessor-version":[{"id":240,"href":"http:\/\/grafosped.com\/main\/wp-json\/wp\/v2\/pages\/220\/revisions\/240"}],"wp:attachment":[{"href":"http:\/\/grafosped.com\/main\/wp-json\/wp\/v2\/media?parent=220"}],"curies":[{"name":"wp","href":"https:\/\/api.w.org\/{rel}","templated":true}]}}