{"id":246,"date":"2021-06-22T14:35:19","date_gmt":"2021-06-22T12:35:19","guid":{"rendered":"http:\/\/grafosped.com\/main\/?page_id=246"},"modified":"2021-06-22T15:10:11","modified_gmt":"2021-06-22T13:10:11","slug":"246-2","status":"publish","type":"page","link":"http:\/\/grafosped.com\/main\/246-2\/","title":{"rendered":"Sublimaciona \u0161tampa"},"content":{"rendered":"<p>[vc_row][vc_column][vc_single_image image=&#8221;257&#8243; img_size=&#8221;full&#8221; alignment=&#8221;center&#8221; style=&#8221;vc_box_shadow_3d&#8221; css_animation=&#8221;top-to-bottom&#8221;][vc_column_text]<\/p>\n<h3 style=\"text-align: center;\">\u00a0Digitalna sublimaciona \u0161tampa je sofisticirana tehnologija koja danas ima \u0161iroku primenu.<\/h3>\n<p>[\/vc_column_text][vc_separator color=&#8221;orange&#8221;][vc_column_text]Sublimaciona \u0161tampa je tehnologija kojom se vr\u0161i \u0161tampa na tekstilu. Sublimaciona \u0161tampa mo\u017ee biti direktna ili putem transfera (preslika\u010da).[\/vc_column_text][vc_row_inner][vc_column_inner width=&#8221;1\/2&#8243;][vc_single_image image=&#8221;253&#8243; img_size=&#8221;full&#8221; style=&#8221;vc_box_shadow_3d&#8221; css_animation=&#8221;right-to-left&#8221;][\/vc_column_inner][vc_column_inner width=&#8221;1\/2&#8243;][vc_single_image image=&#8221;252&#8243; img_size=&#8221;full&#8221; style=&#8221;vc_box_shadow_3d&#8221; css_animation=&#8221;right-to-left&#8221;][\/vc_column_inner][\/vc_row_inner][vc_row_inner][vc_column_inner][vc_separator color=&#8221;orange&#8221;][\/vc_column_inner][\/vc_row_inner][\/vc_column][\/vc_row][vc_row][vc_column width=&#8221;1\/2&#8243;][vc_column_text]<\/p>\n<h4>\u0160tampa na \u0161oljama<\/h4>\n<p>[\/vc_column_text][vc_column_text]Preporu\u010dujemo ovu vrstu \u0161tampe za sve koji \u017eele da imaju svoje slike ili odre\u0111ene motive na \u0161oljama. \u0160tampa na \u0161oljama je idealna za decu kao poklon za ro\u0111endane i ostale proslave. Mo\u017eete nam poslati sliku ili motiv za \u0161tampu ili se posavetovati sa nama. Oprema koju koristimo su Ricoh sublimacioni \u0161tampa\u010di.[\/vc_column_text][\/vc_column][vc_column width=&#8221;1\/2&#8243;][vc_empty_space height=&#8221;27px&#8221;][vc_single_image image=&#8221;251&#8243; img_size=&#8221;full&#8221; style=&#8221;vc_box_shadow_3d&#8221; css_animation=&#8221;right-to-left&#8221;][\/vc_column][\/vc_row]<\/p>\n","protected":false},"excerpt":{"rendered":"<p>[vc_row][vc_column][vc_single_image image=&#8221;257&#8243; img_size=&#8221;full&#8221; alignment=&#8221;center&#8221; style=&#8221;vc_box_shadow_3d&#8221; css_animation=&#8221;top-to-bottom&#8221;][vc_column_text] \u00a0Digitalna sublimaciona \u0161tampa je sofisticirana tehnologija koja danas ima \u0161iroku primenu. [\/vc_column_text][vc_separator color=&#8221;orange&#8221;][vc_column_text]Sublimaciona \u0161tampa je tehnologija kojom se vr\u0161i \u0161tampa<span class=\"excerpt-hellip\"> [\u2026]<\/span><\/p>\n","protected":false},"author":1,"featured_media":0,"parent":0,"menu_order":0,"comment_status":"closed","ping_status":"closed","template":"","meta":{"footnotes":""},"class_list":["post-246","page","type-page","status-publish","hentry"],"_links":{"self":[{"href":"http:\/\/grafosped.com\/main\/wp-json\/wp\/v2\/pages\/246","targetHints":{"allow":["GET"]}}],"collection":[{"href":"http:\/\/grafosped.com\/main\/wp-json\/wp\/v2\/pages"}],"about":[{"href":"http:\/\/grafosped.com\/main\/wp-json\/wp\/v2\/types\/page"}],"author":[{"embeddable":true,"href":"http:\/\/grafosped.com\/main\/wp-json\/wp\/v2\/users\/1"}],"replies":[{"embeddable":true,"href":"http:\/\/grafosped.com\/main\/wp-json\/wp\/v2\/comments?post=246"}],"version-history":[{"count":15,"href":"http:\/\/grafosped.com\/main\/wp-json\/wp\/v2\/pages\/246\/revisions"}],"predecessor-version":[{"id":265,"href":"http:\/\/grafosped.com\/main\/wp-json\/wp\/v2\/pages\/246\/revisions\/265"}],"wp:attachment":[{"href":"http:\/\/grafosped.com\/main\/wp-json\/wp\/v2\/media?parent=246"}],"curies":[{"name":"wp","href":"https:\/\/api.w.org\/{rel}","templated":true}]}}